{"id":1512,"date":"2014-07-01T09:00:43","date_gmt":"2014-07-01T09:00:43","guid":{"rendered":"http:\/\/localhost\/wordpress\/?page_id=1512"},"modified":"2021-02-06T15:26:12","modified_gmt":"2021-02-06T15:26:12","slug":"home","status":"publish","type":"page","link":"http:\/\/www.dhc.vn\/","title":{"rendered":"Home"},"content":{"rendered":"<p>&nbsp;<\/p>\n<!-- START REVOLUTION SLIDER 4.5.9 fullscreen mode -->\n\n<div id=\"rev_slider_3_1_wrapper\" class=\"rev_slider_wrapper fullscreen-container\" style=\"background-color:#111111;padding:0px;\">\n\t<div id=\"rev_slider_3_1\" class=\"rev_slider fullscreenbanner\" style=\"display:none;\">\n<ul>\t<!-- SLIDE  -->\n\t<li data-transition=\"random\" data-slotamount=\"7\" data-masterspeed=\"300\"  data-saveperformance=\"on\" >\n\t\t<!-- MAIN IMAGE -->\n\t\t<img src=\"http:\/\/www.dhc.vn\/wp-content\/uploads\/2024\/06\/dhc-van-phong-xuong.jpg\"  alt=\"dhc-van-phong-xuong\"  data-bgposition=\"right top\" data-bgfit=\"cover\" data-bgrepeat=\"no-repeat\">\n\t\t<!-- LAYERS -->\n\t<\/li>\n\t<!-- SLIDE  -->\n\t<li data-transition=\"random\" data-slotamount=\"7\" data-masterspeed=\"300\"  data-saveperformance=\"on\" >\n\t\t<!-- MAIN IMAGE -->\n\t\t<img src=\"http:\/\/www.dhc.vn\/wp-content\/uploads\/2024\/06\/maia-resort-quy-nhon.png\"  alt=\"maia-resort-quy-nhon\"  data-bgposition=\"right top\" data-bgfit=\"cover\" data-bgrepeat=\"no-repeat\">\n\t\t<!-- LAYERS -->\n\t<\/li>\n\t<!-- SLIDE  -->\n\t<li data-transition=\"random\" data-slotamount=\"7\" data-masterspeed=\"300\"  data-saveperformance=\"on\" >\n\t\t<!-- MAIN IMAGE -->\n\t\t<img src=\"http:\/\/www.dhc.vn\/wp-content\/uploads\/2021\/04\/dhc-tu-van-noi-that-nha-hang-2021.jpg\"  alt=\"dhc-tu-van-noi-that-nha-hang-2021\"  data-bgposition=\"right top\" data-bgfit=\"cover\" data-bgrepeat=\"no-repeat\">\n\t\t<!-- LAYERS -->\n\t<\/li>\n\t<!-- SLIDE  -->\n\t<li data-transition=\"random\" data-slotamount=\"7\" data-masterspeed=\"300\"  data-saveperformance=\"on\" >\n\t\t<!-- MAIN IMAGE -->\n\t\t<img src=\"http:\/\/www.dhc.vn\/wp-content\/uploads\/2015\/11\/slide1.jpg\"  alt=\"slide1\"  data-bgposition=\"right top\" data-bgfit=\"cover\" data-bgrepeat=\"no-repeat\">\n\t\t<!-- LAYERS -->\n\n\t\t<!-- LAYER NR. 1 -->\n\t\t<div class=\"tp-caption dhc_white_bold sfr tp-resizeme\"\n\t\t\tdata-x=\"493\"\n\t\t\tdata-y=\"250\" \n\t\t\tdata-speed=\"300\"\n\t\t\tdata-start=\"1100\"\n\t\t\tdata-easing=\"Power3.easeInOut\"\n\t\t\tdata-splitin=\"chars\"\n\t\t\tdata-splitout=\"chars\"\n\t\t\tdata-elementdelay=\"0.05\"\n\t\t\tdata-endelementdelay=\"0.05\"\n\t\t\tdata-endspeed=\"300\"\n\t\t\tstyle=\"z-index: 2; max-width: auto; max-height: auto; white-space: nowrap;\">T\u1eacN H\u01af\u1edeNG TR\u1eccN V\u1eb8N\n\t\t<\/div>\n\n\t\t<!-- LAYER NR. 2 -->\n\t\t<div class=\"tp-caption small_light_white sfr tp-resizeme\"\n\t\t\tdata-x=\"493\"\n\t\t\tdata-y=\"360\" \n\t\t\tdata-speed=\"600\"\n\t\t\tdata-start=\"2100\"\n\t\t\tdata-easing=\"Power3.easeInOut\"\n\t\t\tdata-splitin=\"none\"\n\t\t\tdata-splitout=\"none\"\n\t\t\tdata-elementdelay=\"0.1\"\n\t\t\tdata-endelementdelay=\"0.1\"\n\t\t\tdata-endspeed=\"600\"\n\t\t\tstyle=\"z-index: 3; max-width: 462px; max-height: 48px; white-space: normal;\"><strong>DHC international s\u00e1ng t\u1ea1o kh\u00f4ng ng\u1eebng \u0111\u1ec3 t\u1ea1o ra\nnh\u1eefng t\u00e1c ph\u1ea9m mang t\u00ednh nh\u00e2n v\u0103n 1<\/strong>\n\t\t<\/div>\n\n\t\t<!-- LAYER NR. 3 -->\n\t\t<div class=\"tp-caption dhc_white_bold sfr tp-resizeme\"\n\t\t\tdata-x=\"493\"\n\t\t\tdata-y=\"290\" \n\t\t\tdata-speed=\"300\"\n\t\t\tdata-start=\"2100\"\n\t\t\tdata-easing=\"Power3.easeInOut\"\n\t\t\tdata-splitin=\"chars\"\n\t\t\tdata-splitout=\"chars\"\n\t\t\tdata-elementdelay=\"0.05\"\n\t\t\tdata-endelementdelay=\"0.05\"\n\t\t\tdata-endspeed=\"300\"\n\t\t\tstyle=\"z-index: 4; max-width: auto; max-height: auto; white-space: nowrap;\">KH\u00d4NG GIAN TI\u1ec6N NGHI\n\t\t<\/div>\n\t<\/li>\n\t<!-- SLIDE  -->\n\t<li data-transition=\"random\" data-slotamount=\"7\" data-masterspeed=\"300\"  data-saveperformance=\"on\" >\n\t\t<!-- MAIN IMAGE -->\n\t\t<img src=\"http:\/\/www.dhc.vn\/wp-content\/uploads\/2024\/06\/Wyndham-Garden-Sonasea-Van-Don-2-2.gif\"  alt=\"Wyndham-Garden-Sonasea-Van-Don-2-2\"  data-bgposition=\"center top\" data-bgfit=\"cover\" data-bgrepeat=\"no-repeat\">\n\t\t<!-- LAYERS -->\n\n\t\t<!-- LAYER NR. 1 -->\n\t\t<div class=\"tp-caption mediumlarge_light_white_center lfb tp-resizeme\"\n\t\t\tdata-x=\"center\" data-hoffset=\"57\"\n\t\t\tdata-y=\"center\" data-voffset=\"-7\"\n\t\t\tdata-speed=\"600\"\n\t\t\tdata-start=\"850\"\n\t\t\tdata-easing=\"easeInOutBack\"\n\t\t\tdata-splitin=\"none\"\n\t\t\tdata-splitout=\"none\"\n\t\t\tdata-elementdelay=\"0.1\"\n\t\t\tdata-endelementdelay=\"0.1\"\n\t\t\tdata-end=\"7700\"\ndata-endspeed=\"300\"\n\t\t\tstyle=\"z-index: 2; max-width: auto; max-height: auto; white-space: nowrap;\">T\u1eacN H\u01af\u1edeNG TR\u1eccN V\u1eb8N<\/br>\nKH\u00d4NG GIAN TI\u1ec6N NGHI\n\t\t<\/div>\n\t<\/li>\n\t<!-- SLIDE  -->\n\t<li data-transition=\"random\" data-slotamount=\"7\" data-masterspeed=\"300\"  data-saveperformance=\"on\" >\n\t\t<!-- MAIN IMAGE -->\n\t\t<img src=\"http:\/\/www.dhc.vn\/wp-content\/uploads\/2024\/06\/Riverpark-Premier-Apartment-Phu-My-Hung.gif\"  alt=\"Riverpark-Premier-Apartment-Phu-My-Hung\"  data-bgposition=\"center top\" data-bgfit=\"cover\" data-bgrepeat=\"no-repeat\">\n\t\t<!-- LAYERS -->\n\n\t\t<!-- LAYER NR. 1 -->\n\t\t<div class=\"tp-caption dhc_white_bold customin tp-resizeme\"\n\t\t\tdata-x=\"center\" data-hoffset=\"0\"\n\t\t\tdata-y=\"center\" data-voffset=\"0\"\n\t\t\tdata-customin=\"x:0;y:0;z:0;rotationX:0;rotationY:0;rotationZ:0;scaleX:0;scaleY:0;skewX:0;skewY:0;opacity:0;transformPerspective:600;transformOrigin:50% 50%;\"\n\t\t\tdata-speed=\"300\"\n\t\t\tdata-start=\"1450\"\n\t\t\tdata-easing=\"Power3.easeInOut\"\n\t\t\tdata-splitin=\"none\"\n\t\t\tdata-splitout=\"none\"\n\t\t\tdata-elementdelay=\"0.1\"\n\t\t\tdata-endelementdelay=\"0.1\"\n\t\t\tdata-endspeed=\"300\"\n\t\t\tstyle=\"z-index: 2; max-width: 768px; max-height: 144px; white-space: normal;\">K\u1ebft h\u1ee3p h\u00e0i ho\u00e0 c\u00e1c y\u1ebfu t\u1ed1 con ng\u01b0\u1eddi <\/br> v\u00e0\nm\u00f4i tr\u01b0\u1eddng \u0111\u1ec3 t\u1ea1o ra <\/br>nh\u1eefng s\u1ea3n ph\u1ea9m\nth\u00e2n thi\u1ec7n.\n\t\t<\/div>\n\t<\/li>\n\t<!-- SLIDE  -->\n\t<li data-transition=\"random\" data-slotamount=\"7\" data-masterspeed=\"300\"  data-saveperformance=\"off\" >\n\t\t<!-- MAIN IMAGE -->\n\t\t<img src=\"http:\/\/www.dhc.vn\/wp-content\/uploads\/2024\/06\/Gran-Meli\u00e1-Nha-Trang-1-2.gif\"  alt=\"Gran-Meli\u00e1-Nha-Trang-1-2\"  data-bgposition=\"center top\" data-bgfit=\"cover\" data-bgrepeat=\"no-repeat\">\n\t\t<!-- LAYERS -->\n\t<\/li>\n<\/ul>\n<div class=\"tp-bannertimer\"><\/div>\t<\/div>\n<\/div>\n\t\t\t<script type=\"text\/javascript\">\n\n\t\t\t\t\/******************************************\n\t\t\t\t\t-\tPREPARE PLACEHOLDER FOR SLIDER\t-\n\t\t\t\t******************************************\/\n\t\t\t\t\n\n\t\t\t\tvar setREVStartSize = function() {\n\t\t\t\t\tvar\ttpopt = new Object();\n\t\t\t\t\t\ttpopt.startwidth = 1170;\n\t\t\t\t\t\ttpopt.startheight = 700;\n\t\t\t\t\t\ttpopt.container = jQuery('#rev_slider_3_1');\n\t\t\t\t\t\ttpopt.fullScreen = \"on\";\n\t\t\t\t\t\ttpopt.forceFullWidth=\"on\";\n\n\t\t\t\t\ttpopt.container.closest(\".rev_slider_wrapper\").css({height:tpopt.container.height()});tpopt.width=parseInt(tpopt.container.width(),0);tpopt.height=parseInt(tpopt.container.height(),0);tpopt.bw=tpopt.width\/tpopt.startwidth;tpopt.bh=tpopt.height\/tpopt.startheight;if(tpopt.bh>tpopt.bw)tpopt.bh=tpopt.bw;if(tpopt.bh<tpopt.bw)tpopt.bw=tpopt.bh;if(tpopt.bw<tpopt.bh)tpopt.bh=tpopt.bw;if(tpopt.bh>1){tpopt.bw=1;tpopt.bh=1}if(tpopt.bw>1){tpopt.bw=1;tpopt.bh=1}tpopt.height=Math.round(tpopt.startheight*(tpopt.width\/tpopt.startwidth));if(tpopt.height>tpopt.startheight&&tpopt.autoHeight!=\"on\")tpopt.height=tpopt.startheight;if(tpopt.fullScreen==\"on\"){tpopt.height=tpopt.bw*tpopt.startheight;var cow=tpopt.container.parent().width();var coh=jQuery(window).height();if(tpopt.fullScreenOffsetContainer!=undefined){try{var offcontainers=tpopt.fullScreenOffsetContainer.split(\",\");jQuery.each(offcontainers,function(e,t){coh=coh-jQuery(t).outerHeight(true);if(coh<tpopt.minFullScreenHeight)coh=tpopt.minFullScreenHeight})}catch(e){}}tpopt.container.parent().height(coh);tpopt.container.height(coh);tpopt.container.closest(\".rev_slider_wrapper\").height(coh);tpopt.container.closest(\".forcefullwidth_wrapper_tp_banner\").find(\".tp-fullwidth-forcer\").height(coh);tpopt.container.css({height:\"100%\"});tpopt.height=coh;}else{tpopt.container.height(tpopt.height);tpopt.container.closest(\".rev_slider_wrapper\").height(tpopt.height);tpopt.container.closest(\".forcefullwidth_wrapper_tp_banner\").find(\".tp-fullwidth-forcer\").height(tpopt.height);}\n\t\t\t\t};\n\n\t\t\t\t\/* CALL PLACEHOLDER *\/\n\t\t\t\tsetREVStartSize();\n\n\n\t\t\t\tvar tpj=jQuery;\n\t\t\t\ttpj.noConflict();\n\t\t\t\tvar revapi3;\n\n\t\t\t\ttpj(document).ready(function() {\n\n\t\t\t\tif(tpj('#rev_slider_3_1').revolution == undefined)\n\t\t\t\t\trevslider_showDoubleJqueryError('#rev_slider_3_1');\n\t\t\t\telse\n\t\t\t\t   revapi3 = tpj('#rev_slider_3_1').show().revolution(\n\t\t\t\t\t{\n\t\t\t\t\t\tdottedOverlay:\"none\",\n\t\t\t\t\t\tdelay:9000,\n\t\t\t\t\t\tstartwidth:1170,\n\t\t\t\t\t\tstartheight:700,\n\t\t\t\t\t\thideThumbs:200,\n\n\t\t\t\t\t\tthumbWidth:100,\n\t\t\t\t\t\tthumbHeight:50,\n\t\t\t\t\t\tthumbAmount:5,\n\n\t\t\t\t\t\tnavigationType:\"none\",\n\t\t\t\t\t\tnavigationArrows:\"solo\",\n\t\t\t\t\t\tnavigationStyle:\"round\",\n\n\t\t\t\t\t\ttouchenabled:\"on\",\n\t\t\t\t\t\tonHoverStop:\"off\",\n\n\t\t\t\t\t\tswipe_velocity: 0.7,\n\t\t\t\t\t\tswipe_min_touches: 1,\n\t\t\t\t\t\tswipe_max_touches: 1,\n\t\t\t\t\t\tdrag_block_vertical: false,\n\t\t\t\t\t\t\n\t\t\t\t\t\t\n\t\t\t\t\t\tkeyboardNavigation:\"off\",\n\n\t\t\t\t\t\tnavigationHAlign:\"center\",\n\t\t\t\t\t\tnavigationVAlign:\"bottom\",\n\t\t\t\t\t\tnavigationHOffset:0,\n\t\t\t\t\t\tnavigationVOffset:20,\n\n\t\t\t\t\t\tsoloArrowLeftHalign:\"left\",\n\t\t\t\t\t\tsoloArrowLeftValign:\"center\",\n\t\t\t\t\t\tsoloArrowLeftHOffset:20,\n\t\t\t\t\t\tsoloArrowLeftVOffset:0,\n\n\t\t\t\t\t\tsoloArrowRightHalign:\"right\",\n\t\t\t\t\t\tsoloArrowRightValign:\"center\",\n\t\t\t\t\t\tsoloArrowRightHOffset:20,\n\t\t\t\t\t\tsoloArrowRightVOffset:0,\n\n\t\t\t\t\t\tshadow:0,\n\t\t\t\t\t\tfullWidth:\"off\",\n\t\t\t\t\t\tfullScreen:\"on\",\n\n\t\t\t\t\t\tspinner:\"spinner2\",\n\n\t\t\t\t\t\tstopLoop:\"off\",\n\t\t\t\t\t\tstopAfterLoops:-1,\n\t\t\t\t\t\tstopAtSlide:-1,\n\n\t\t\t\t\t\tshuffle:\"off\",\n\n\t\t\t\t\t\t\n\t\t\t\t\t\tforceFullWidth:\"on\",\n\t\t\t\t\t\tfullScreenAlignForce:\"off\",\n\t\t\t\t\t\tminFullScreenHeight:\"420\",\n\t\t\t\t\t\t\n\t\t\t\t\t\thideThumbsOnMobile:\"off\",\n\t\t\t\t\t\thideNavDelayOnMobile:1500,\n\t\t\t\t\t\thideBulletsOnMobile:\"off\",\n\t\t\t\t\t\thideArrowsOnMobile:\"off\",\n\t\t\t\t\t\thideThumbsUnderResolution:0,\n\n\t\t\t\t\t\t\t\t\t\t\t\tfullScreenOffsetContainer: \"\",\n\t\t\t\t\t\tfullScreenOffset: \"\",\n\t\t\t\t\t\t\t\t\t\t\t\thideSliderAtLimit:0,\n\t\t\t\t\t\thideCaptionAtLimit:0,\n\t\t\t\t\t\thideAllCaptionAtLilmit:0,\n\t\t\t\t\t\tstartWithSlide:0\t\t\t\t\t});\n\n\n\n\t\t\t\t\t\n\t\t\t\t});\t\/*ready*\/\n\n\t\t\t<\/script>\n\n\n\t\t\t<style type=\"text\/css\">\n\t#rev_slider_3_1_wrapper .tp-loader.spinner2{ background-color: #FFFFFF !important; }\n<\/style>\n<!-- END REVOLUTION SLIDER -->\n","protected":false},"excerpt":{"rendered":"<p>&nbsp;<\/p>\n","protected":false},"author":1,"featured_media":0,"parent":0,"menu_order":4,"comment_status":"open","ping_status":"closed","template":"single-page.php","meta":[],"_links":{"self":[{"href":"http:\/\/www.dhc.vn\/index.php?rest_route=\/wp\/v2\/pages\/1512"}],"collection":[{"href":"http:\/\/www.dhc.vn\/index.php?rest_route=\/wp\/v2\/pages"}],"about":[{"href":"http:\/\/www.dhc.vn\/index.php?rest_route=\/wp\/v2\/types\/page"}],"author":[{"embeddable":true,"href":"http:\/\/www.dhc.vn\/index.php?rest_route=\/wp\/v2\/users\/1"}],"replies":[{"embeddable":true,"href":"http:\/\/www.dhc.vn\/index.php?rest_route=%2Fwp%2Fv2%2Fcomments&post=1512"}],"version-history":[{"count":9,"href":"http:\/\/www.dhc.vn\/index.php?rest_route=\/wp\/v2\/pages\/1512\/revisions"}],"predecessor-version":[{"id":6625,"href":"http:\/\/www.dhc.vn\/index.php?rest_route=\/wp\/v2\/pages\/1512\/revisions\/6625"}],"wp:attachment":[{"href":"http:\/\/www.dhc.vn\/index.php?rest_route=%2Fwp%2Fv2%2Fmedia&parent=1512"}],"curies":[{"name":"wp","href":"https:\/\/api.w.org\/{rel}","templated":true}]}}